{"id":118,"date":"2022-03-08T10:44:11","date_gmt":"2022-03-08T10:44:11","guid":{"rendered":"https:\/\/www.kirlat.de\/?page_id=118"},"modified":"2024-12-15T15:48:15","modified_gmt":"2024-12-15T15:48:15","slug":"impressum","status":"publish","type":"page","link":"https:\/\/www.kirlat.de\/?page_id=118","title":{"rendered":"Impressum"},"content":{"rendered":"\n<h1 class=\"wp-block-heading\">Impressum<\/h1>\n\n\n\n<h2 class=\"wp-block-heading\">Angaben gem\u00e4\u00df \u00a7 5 TMG:<\/h2>\n\n\n\n<p><br>J\u00f6rg Kirlat<\/p>\n\n\n\n<h3 class=\"wp-block-heading\">Postanschrift:<\/h3>\n\n\n\n<p>Opderbeckstra\u00dfe 20<br>58515 L\u00fcdenscheid<\/p>\n\n\n\n<h3 class=\"wp-block-heading\">Kontakt:<\/h3>\n\n\n\n<p>Telefon: +4915175091247<br>E-Mail: joerg@kirlat.de<\/p>\n\n\n\n<h2 class=\"wp-block-heading\">Hinweise zur Website<\/h2>\n\n\n\n<h3 class=\"wp-block-heading\">Urheberrechtliche Hinweise<\/h3>\n\n\n\n<p>J\u00f6rg Kirlat<\/p>\n\n\n\n<h3 class=\"wp-block-heading\">Verantwortlich f\u00fcr journalistisch-redaktionelle Inhalte ist:<\/h3>\n\n\n\n<p>J\u00f6rg Kirlat<\/p>\n\n\n\n<h2 class=\"wp-block-heading\">Information gem\u00e4\u00df \u00a7 36 VSBG<\/h2>\n\n\n\n<p>Gem\u00e4\u00df \u00a7 36 VSBG (Verbraucherstreitbeilegungsgesetz \u2013 Gesetz \u00fcber die alternative Streitbeilegung in Verbrauchersachen) erkl\u00e4rt der Betreiber dieser Website:<\/p>\n\n\n\n<p>Wir sind weder bereit noch verpflichtet, an Streitbeilegungsverfahren vor einer Verbraucherschlichtungsstelle teilzunehmen.<\/p>\n","protected":false},"excerpt":{"rendered":"<p>Impressum Angaben gem\u00e4\u00df \u00a7 5 TMG: J\u00f6rg Kirlat Postanschrift: Opderbeckstra\u00dfe 2058515 L\u00fcdenscheid Kontakt: Telefon: +4915175091247E-Mail: joerg@kirlat.de Hinweise zur Website Urheberrechtliche Hinweise J\u00f6rg Kirlat Verantwortlich f\u00fcr journalistisch-redaktionelle Inhalte ist: J\u00f6rg Kirlat Information gem\u00e4\u00df \u00a7 36 VSBG Gem\u00e4\u00df \u00a7 36 VSBG (Verbraucherstreitbeilegungsgesetz \u2013 Gesetz \u00fcber die alternative Streitbeilegung in Verbrauchersachen) erkl\u00e4rt der Betreiber dieser Website: Wir sind &hellip; <\/p>\n<p class=\"link-more\"><a href=\"https:\/\/www.kirlat.de\/?page_id=118\" class=\"more-link\"><span class=\"screen-reader-text\">\u201eImpressum\u201c <\/span>weiterlesen<\/a><\/p>\n","protected":false},"author":1,"featured_media":0,"parent":0,"menu_order":0,"comment_status":"closed","ping_status":"closed","template":"","meta":{"footnotes":""},"class_list":["post-118","page","type-page","status-publish","hentry"],"_links":{"self":[{"href":"https:\/\/www.kirlat.de\/index.php?rest_route=\/wp\/v2\/pages\/118","targetHints":{"allow":["GET"]}}],"collection":[{"href":"https:\/\/www.kirlat.de\/index.php?rest_route=\/wp\/v2\/pages"}],"about":[{"href":"https:\/\/www.kirlat.de\/index.php?rest_route=\/wp\/v2\/types\/page"}],"author":[{"embeddable":true,"href":"https:\/\/www.kirlat.de\/index.php?rest_route=\/wp\/v2\/users\/1"}],"replies":[{"embeddable":true,"href":"https:\/\/www.kirlat.de\/index.php?rest_route=%2Fwp%2Fv2%2Fcomments&post=118"}],"version-history":[{"count":3,"href":"https:\/\/www.kirlat.de\/index.php?rest_route=\/wp\/v2\/pages\/118\/revisions"}],"predecessor-version":[{"id":146,"href":"https:\/\/www.kirlat.de\/index.php?rest_route=\/wp\/v2\/pages\/118\/revisions\/146"}],"wp:attachment":[{"href":"https:\/\/www.kirlat.de\/index.php?rest_route=%2Fwp%2Fv2%2Fmedia&parent=118"}],"curies":[{"name":"wp","href":"https:\/\/api.w.org\/{rel}","templated":true}]}}