{"id":17,"date":"2020-03-15T13:02:48","date_gmt":"2020-03-15T13:02:48","guid":{"rendered":"https:\/\/www.kirlat.de\/?page_id=17"},"modified":"2020-03-15T13:17:19","modified_gmt":"2020-03-15T13:17:19","slug":"startseite","status":"publish","type":"page","link":"https:\/\/www.kirlat.de\/","title":{"rendered":"Willkommen"},"content":{"rendered":"\n<p>Sch\u00f6n, dass du uns gefunden hast!<\/p>\n\n\n\n<p>Du suchst eine Unterkunft weil du in L\u00fcdenscheid arbeiten m\u00f6chtest oder m\u00f6chtest du einfach nur das sch\u00f6ne Sauerland besuchen?<\/p>\n\n\n\n<p>Egal, hier bist du richtig. Wir bieten dir eine gem\u00fctliche kleine Wohnung unter dem Dach f\u00fcr 1-2 Personen mit Doppelzimmer (Einzelbetten) K\u00fcche und eigenem Bad mit Dusche und WC.<\/p>\n\n\n\n<p><\/p>\n","protected":false},"excerpt":{"rendered":"<p>Sch\u00f6n, dass du uns gefunden hast! Du suchst eine Unterkunft weil du in L\u00fcdenscheid arbeiten m\u00f6chtest oder m\u00f6chtest du einfach nur das sch\u00f6ne Sauerland besuchen? Egal, hier bist du richtig. Wir bieten dir eine gem\u00fctliche kleine Wohnung unter dem Dach f\u00fcr 1-2 Personen mit Doppelzimmer (Einzelbetten) K\u00fcche und eigenem Bad mit Dusche und WC.<\/p>\n","protected":false},"author":1,"featured_media":0,"parent":0,"menu_order":0,"comment_status":"closed","ping_status":"closed","template":"","meta":{"footnotes":""},"class_list":["post-17","page","type-page","status-publish","hentry"],"_links":{"self":[{"href":"https:\/\/www.kirlat.de\/index.php?rest_route=\/wp\/v2\/pages\/17","targetHints":{"allow":["GET"]}}],"collection":[{"href":"https:\/\/www.kirlat.de\/index.php?rest_route=\/wp\/v2\/pages"}],"about":[{"href":"https:\/\/www.kirlat.de\/index.php?rest_route=\/wp\/v2\/types\/page"}],"author":[{"embeddable":true,"href":"https:\/\/www.kirlat.de\/index.php?rest_route=\/wp\/v2\/users\/1"}],"replies":[{"embeddable":true,"href":"https:\/\/www.kirlat.de\/index.php?rest_route=%2Fwp%2Fv2%2Fcomments&post=17"}],"version-history":[{"count":3,"href":"https:\/\/www.kirlat.de\/index.php?rest_route=\/wp\/v2\/pages\/17\/revisions"}],"predecessor-version":[{"id":68,"href":"https:\/\/www.kirlat.de\/index.php?rest_route=\/wp\/v2\/pages\/17\/revisions\/68"}],"wp:attachment":[{"href":"https:\/\/www.kirlat.de\/index.php?rest_route=%2Fwp%2Fv2%2Fmedia&parent=17"}],"curies":[{"name":"wp","href":"https:\/\/api.w.org\/{rel}","templated":true}]}}