{"id":18,"date":"2020-03-15T13:02:48","date_gmt":"2020-03-15T13:02:48","guid":{"rendered":"https:\/\/www.kirlat.de\/?page_id=18"},"modified":"2025-10-14T16:56:33","modified_gmt":"2025-10-14T16:56:33","slug":"ueber-uns","status":"publish","type":"page","link":"https:\/\/www.kirlat.de\/?page_id=18","title":{"rendered":"\u00dcber uns"},"content":{"rendered":"\n<p>Sie wohnen hier im Dachgeschoss eines  Zweifamilienhauses. <\/p>\n\n\n\n<p>Die Wohngegend ist sehr ruhig und trotzdem sehr g\u00fcnstig zu erreichen .<\/p>\n\n\n\n<p>15min von der A45 entfernt.<\/p>\n\n\n\n<p>10 min Fu\u00dfweg vom Bahnhof L\u00fcdenscheid Br\u00fcgge.<\/p>\n\n\n\n<p><\/p>\n","protected":false},"excerpt":{"rendered":"<p>Sie wohnen hier im Dachgeschoss eines Zweifamilienhauses. Die Wohngegend ist sehr ruhig und trotzdem sehr g\u00fcnstig zu erreichen . 15min von der A45 entfernt. 10 min Fu\u00dfweg vom Bahnhof L\u00fcdenscheid Br\u00fcgge.<\/p>\n","protected":false},"author":1,"featured_media":161,"parent":0,"menu_order":0,"comment_status":"closed","ping_status":"closed","template":"","meta":{"footnotes":""},"class_list":["post-18","page","type-page","status-publish","has-post-thumbnail","hentry"],"_links":{"self":[{"href":"https:\/\/www.kirlat.de\/index.php?rest_route=\/wp\/v2\/pages\/18","targetHints":{"allow":["GET"]}}],"collection":[{"href":"https:\/\/www.kirlat.de\/index.php?rest_route=\/wp\/v2\/pages"}],"about":[{"href":"https:\/\/www.kirlat.de\/index.php?rest_route=\/wp\/v2\/types\/page"}],"author":[{"embeddable":true,"href":"https:\/\/www.kirlat.de\/index.php?rest_route=\/wp\/v2\/users\/1"}],"replies":[{"embeddable":true,"href":"https:\/\/www.kirlat.de\/index.php?rest_route=%2Fwp%2Fv2%2Fcomments&post=18"}],"version-history":[{"count":3,"href":"https:\/\/www.kirlat.de\/index.php?rest_route=\/wp\/v2\/pages\/18\/revisions"}],"predecessor-version":[{"id":77,"href":"https:\/\/www.kirlat.de\/index.php?rest_route=\/wp\/v2\/pages\/18\/revisions\/77"}],"wp:featuredmedia":[{"embeddable":true,"href":"https:\/\/www.kirlat.de\/index.php?rest_route=\/wp\/v2\/media\/161"}],"wp:attachment":[{"href":"https:\/\/www.kirlat.de\/index.php?rest_route=%2Fwp%2Fv2%2Fmedia&parent=18"}],"curies":[{"name":"wp","href":"https:\/\/api.w.org\/{rel}","templated":true}]}}