{"id":19,"date":"2020-03-15T13:02:48","date_gmt":"2020-03-15T13:02:48","guid":{"rendered":"https:\/\/www.kirlat.de\/?page_id=19"},"modified":"2025-10-14T17:08:37","modified_gmt":"2025-10-14T17:08:37","slug":"kontakt","status":"publish","type":"page","link":"https:\/\/www.kirlat.de\/?page_id=19","title":{"rendered":"Kontakt"},"content":{"rendered":"\n<p>J\u00f6rg Kirlat &amp; Andrea Sch\u00e4ckermann<\/p>\n\n\n\n<p>Opderbeckstra\u00dfe 20<\/p>\n\n\n\n<p>58518 L\u00fcdenscheid<\/p>\n\n\n\n<p>Tel.: +49151\/75091247<\/p>\n\n\n\n<p>email: joerg(at)kirlat.de<\/p>\n\n\n\n<p><a href=\"https:\/\/www.deutschland-monteurzimmer.de\/monteurwohnung-kirlat-58515-luedenscheid.html\">deutschland-monteurzimmer.de<\/a><\/p>\n\n\n\n<p><a href=\"https:\/\/www.airbnb.de\/rooms\/1356486696281482247?guests=1&amp;adults=1&amp;s=67&amp;unique_share_id=ab393449-8845-4dd8-9244-b2e3a46e26d4\">https:\/\/www.airbnb.de<\/a><\/p>\n\n\n\n<p><a href=\"https:\/\/www.kirlat.de\/?page_id=3\">Datenschutz<\/a><\/p>\n\n\n\n<p><\/p>\n","protected":false},"excerpt":{"rendered":"<p>J\u00f6rg Kirlat &amp; Andrea Sch\u00e4ckermann Opderbeckstra\u00dfe 20 58518 L\u00fcdenscheid Tel.: +49151\/75091247 email: joerg(at)kirlat.de deutschland-monteurzimmer.de https:\/\/www.airbnb.de Datenschutz<\/p>\n","protected":false},"author":1,"featured_media":158,"parent":0,"menu_order":0,"comment_status":"closed","ping_status":"closed","template":"","meta":{"footnotes":""},"class_list":["post-19","page","type-page","status-publish","has-post-thumbnail","hentry"],"_links":{"self":[{"href":"https:\/\/www.kirlat.de\/index.php?rest_route=\/wp\/v2\/pages\/19","targetHints":{"allow":["GET"]}}],"collection":[{"href":"https:\/\/www.kirlat.de\/index.php?rest_route=\/wp\/v2\/pages"}],"about":[{"href":"https:\/\/www.kirlat.de\/index.php?rest_route=\/wp\/v2\/types\/page"}],"author":[{"embeddable":true,"href":"https:\/\/www.kirlat.de\/index.php?rest_route=\/wp\/v2\/users\/1"}],"replies":[{"embeddable":true,"href":"https:\/\/www.kirlat.de\/index.php?rest_route=%2Fwp%2Fv2%2Fcomments&post=19"}],"version-history":[{"count":10,"href":"https:\/\/www.kirlat.de\/index.php?rest_route=\/wp\/v2\/pages\/19\/revisions"}],"predecessor-version":[{"id":168,"href":"https:\/\/www.kirlat.de\/index.php?rest_route=\/wp\/v2\/pages\/19\/revisions\/168"}],"wp:featuredmedia":[{"embeddable":true,"href":"https:\/\/www.kirlat.de\/index.php?rest_route=\/wp\/v2\/media\/158"}],"wp:attachment":[{"href":"https:\/\/www.kirlat.de\/index.php?rest_route=%2Fwp%2Fv2%2Fmedia&parent=19"}],"curies":[{"name":"wp","href":"https:\/\/api.w.org\/{rel}","templated":true}]}}